{"id":862,"date":"2011-05-19T13:32:11","date_gmt":"2011-05-19T11:32:11","guid":{"rendered":"http:\/\/www.rockdata.org\/negativecreep\/?page_id=862"},"modified":"2013-06-14T10:12:53","modified_gmt":"2013-06-14T08:12:53","slug":"rock-festivals-aint-no-fuckin-picknics","status":"publish","type":"page","link":"http:\/\/www.rockdata.org\/negativecreep\/rock-festivals-aint-no-fuckin-picknics","title":{"rendered":"Rock festivals ain&#8217;t no fuckin&#8217; picknics"},"content":{"rendered":"\n\t\t<style type=\"text\/css\">\n\t\t\t#gallery-1 {\n\t\t\t\tmargin: auto;\n\t\t\t}\n\t\t\t#gallery-1 .gallery-item {\n\t\t\t\tfloat: left;\n\t\t\t\tmargin-top: 10px;\n\t\t\t\ttext-align: center;\n\t\t\t\twidth: 20%;\n\t\t\t}\n\t\t\t#gallery-1 img {\n\t\t\t\tborder: 2px solid #cfcfcf;\n\t\t\t}\n\t\t\t#gallery-1 .gallery-caption {\n\t\t\t\tmargin-left: 0;\n\t\t\t}\n\t\t\t\/* see gallery_shortcode() in wp-includes\/media.php *\/\n\t\t<\/style>\n\t\t<div id='gallery-1' class='gallery galleryid-862 gallery-columns-5 gallery-size-thumbnail'><dl class='gallery-item'>\n\t\t\t<dt class='gallery-icon landscape'>\n\t\t\t\t<a title=\"Nummirock\" href='http:\/\/www.rockdata.org\/negativecreep\/wp-content\/uploads\/2011\/05\/vene7.jpg'><img width=\"150\" height=\"150\" src=\"http:\/\/www.rockdata.org\/negativecreep\/wp-content\/uploads\/2011\/05\/vene7-150x150.jpg\" class=\"attachment-thumbnail size-thumbnail\" alt=\"\" decoding=\"async\" loading=\"lazy\" \/><\/a>\n\t\t\t<\/dt><\/dl><dl class='gallery-item'>\n\t\t\t<dt class='gallery-icon landscape'>\n\t\t\t\t<a title=\"Down by the river\" href='http:\/\/www.rockdata.org\/negativecreep\/wp-content\/uploads\/2011\/05\/jokiturma2.jpg'><img width=\"150\" height=\"150\" src=\"http:\/\/www.rockdata.org\/negativecreep\/wp-content\/uploads\/2011\/05\/jokiturma2-150x150.jpg\" class=\"attachment-thumbnail size-thumbnail\" alt=\"\" decoding=\"async\" loading=\"lazy\" \/><\/a>\n\t\t\t<\/dt><\/dl><dl class='gallery-item'>\n\t\t\t<dt class='gallery-icon portrait'>\n\t\t\t\t<a title=\"Fuck all\" href='http:\/\/www.rockdata.org\/negativecreep\/wp-content\/uploads\/2011\/05\/joenrannalla.jpg'><img width=\"150\" height=\"150\" src=\"http:\/\/www.rockdata.org\/negativecreep\/wp-content\/uploads\/2011\/05\/joenrannalla-150x150.jpg\" class=\"attachment-thumbnail size-thumbnail\" alt=\"\" decoding=\"async\" loading=\"lazy\" \/><\/a>\n\t\t\t<\/dt><\/dl><dl class='gallery-item'>\n\t\t\t<dt class='gallery-icon landscape'>\n\t\t\t\t<a title=\"Markku_festariyo_pihalla_Provinssi1985_Latvis\" href='http:\/\/www.rockdata.org\/negativecreep\/wp-content\/uploads\/2011\/05\/Markku_festariyo_pihalla_Provinssi1985_Latvis.jpg'><img width=\"150\" height=\"150\" src=\"http:\/\/www.rockdata.org\/negativecreep\/wp-content\/uploads\/2011\/05\/Markku_festariyo_pihalla_Provinssi1985_Latvis-150x150.jpg\" class=\"attachment-thumbnail size-thumbnail\" alt=\"\" decoding=\"async\" loading=\"lazy\" \/><\/a>\n\t\t\t<\/dt><\/dl><dl class='gallery-item'>\n\t\t\t<dt class='gallery-icon portrait'>\n\t\t\t\t<a title=\"Lost &amp; found\" href='http:\/\/www.rockdata.org\/negativecreep\/wp-content\/uploads\/2011\/05\/koski.jpg'><img width=\"150\" height=\"150\" src=\"http:\/\/www.rockdata.org\/negativecreep\/wp-content\/uploads\/2011\/05\/koski-150x150.jpg\" class=\"attachment-thumbnail size-thumbnail\" alt=\"\" decoding=\"async\" loading=\"lazy\" \/><\/a>\n\t\t\t<\/dt><\/dl><br style=\"clear: both\" \/><dl class='gallery-item'>\n\t\t\t<dt class='gallery-icon landscape'>\n\t\t\t\t<a title=\"I&#039;m outta here\" href='http:\/\/www.rockdata.org\/negativecreep\/wp-content\/uploads\/2011\/05\/eturivi2.jpg'><img width=\"150\" height=\"150\" src=\"http:\/\/www.rockdata.org\/negativecreep\/wp-content\/uploads\/2011\/05\/eturivi2-150x150.jpg\" class=\"attachment-thumbnail size-thumbnail\" alt=\"\" decoding=\"async\" loading=\"lazy\" \/><\/a>\n\t\t\t<\/dt><\/dl><dl class='gallery-item'>\n\t\t\t<dt class='gallery-icon landscape'>\n\t\t\t\t<a title=\"Play Paranoid!\" href='http:\/\/www.rockdata.org\/negativecreep\/wp-content\/uploads\/2011\/05\/eturivinuoret.jpg'><img width=\"150\" height=\"150\" src=\"http:\/\/www.rockdata.org\/negativecreep\/wp-content\/uploads\/2011\/05\/eturivinuoret-150x150.jpg\" class=\"attachment-thumbnail size-thumbnail\" alt=\"\" decoding=\"async\" loading=\"lazy\" \/><\/a>\n\t\t\t<\/dt><\/dl><dl class='gallery-item'>\n\t\t\t<dt class='gallery-icon landscape'>\n\t\t\t\t<a title=\"Break on thru\" href='http:\/\/www.rockdata.org\/negativecreep\/wp-content\/uploads\/2011\/05\/eturivii.jpg'><img width=\"150\" height=\"150\" src=\"http:\/\/www.rockdata.org\/negativecreep\/wp-content\/uploads\/2011\/05\/eturivii-150x150.jpg\" class=\"attachment-thumbnail size-thumbnail\" alt=\"\" decoding=\"async\" loading=\"lazy\" \/><\/a>\n\t\t\t<\/dt><\/dl><dl class='gallery-item'>\n\t\t\t<dt class='gallery-icon landscape'>\n\t\t\t\t<a title=\"and the winner is\" href='http:\/\/www.rockdata.org\/negativecreep\/wp-content\/uploads\/2011\/05\/eturivi.jpg'><img width=\"150\" height=\"150\" src=\"http:\/\/www.rockdata.org\/negativecreep\/wp-content\/uploads\/2011\/05\/eturivi-150x150.jpg\" class=\"attachment-thumbnail size-thumbnail\" alt=\"\" decoding=\"async\" loading=\"lazy\" \/><\/a>\n\t\t\t<\/dt><\/dl><dl class='gallery-item'>\n\t\t\t<dt class='gallery-icon landscape'>\n\t\t\t\t<a title=\"Mi stress\" href='http:\/\/www.rockdata.org\/negativecreep\/wp-content\/uploads\/2011\/05\/Mistress_Ylistarock_Latvis.jpg'><img width=\"150\" height=\"150\" src=\"http:\/\/www.rockdata.org\/negativecreep\/wp-content\/uploads\/2011\/05\/Mistress_Ylistarock_Latvis-150x150.jpg\" class=\"attachment-thumbnail size-thumbnail\" alt=\"\" decoding=\"async\" loading=\"lazy\" \/><\/a>\n\t\t\t<\/dt><\/dl><br style=\"clear: both\" \/><dl class='gallery-item'>\n\t\t\t<dt class='gallery-icon portrait'>\n\t\t\t\t<a title=\"No fun\" href='http:\/\/www.rockdata.org\/negativecreep\/wp-content\/uploads\/2011\/05\/nofun.jpg'><img width=\"150\" height=\"150\" src=\"http:\/\/www.rockdata.org\/negativecreep\/wp-content\/uploads\/2011\/05\/nofun-150x150.jpg\" class=\"attachment-thumbnail size-thumbnail\" alt=\"\" decoding=\"async\" loading=\"lazy\" \/><\/a>\n\t\t\t<\/dt><\/dl><dl class='gallery-item'>\n\t\t\t<dt class='gallery-icon landscape'>\n\t\t\t\t<a title=\"Fan, fan, fan\" href='http:\/\/www.rockdata.org\/negativecreep\/wp-content\/uploads\/2011\/05\/fanit.jpg'><img width=\"150\" height=\"150\" src=\"http:\/\/www.rockdata.org\/negativecreep\/wp-content\/uploads\/2011\/05\/fanit-150x150.jpg\" class=\"attachment-thumbnail size-thumbnail\" alt=\"\" decoding=\"async\" loading=\"lazy\" \/><\/a>\n\t\t\t<\/dt><\/dl><dl class='gallery-item'>\n\t\t\t<dt class='gallery-icon landscape'>\n\t\t\t\t<a title=\"Unhappy camper\" href='http:\/\/www.rockdata.org\/negativecreep\/wp-content\/uploads\/2011\/05\/parkki.jpg'><img width=\"150\" height=\"150\" src=\"http:\/\/www.rockdata.org\/negativecreep\/wp-content\/uploads\/2011\/05\/parkki-150x150.jpg\" class=\"attachment-thumbnail size-thumbnail\" alt=\"\" decoding=\"async\" loading=\"lazy\" \/><\/a>\n\t\t\t<\/dt><\/dl><dl class='gallery-item'>\n\t\t\t<dt class='gallery-icon landscape'>\n\t\t\t\t<a title=\"Muta_Provinssirock_1989_Latvis\" href='http:\/\/www.rockdata.org\/negativecreep\/wp-content\/uploads\/2011\/05\/Muta_Provinssirock_1989_Latvis.jpg'><img width=\"150\" height=\"150\" src=\"http:\/\/www.rockdata.org\/negativecreep\/wp-content\/uploads\/2011\/05\/Muta_Provinssirock_1989_Latvis-150x150.jpg\" class=\"attachment-thumbnail size-thumbnail\" alt=\"\" decoding=\"async\" loading=\"lazy\" \/><\/a>\n\t\t\t<\/dt><\/dl><dl class='gallery-item'>\n\t\t\t<dt class='gallery-icon landscape'>\n\t\t\t\t<a title=\"Muddy waters\" href='http:\/\/www.rockdata.org\/negativecreep\/wp-content\/uploads\/2011\/05\/mutaprovinssi01.jpg'><img width=\"150\" height=\"150\" src=\"http:\/\/www.rockdata.org\/negativecreep\/wp-content\/uploads\/2011\/05\/mutaprovinssi01-150x150.jpg\" class=\"attachment-thumbnail size-thumbnail\" alt=\"\" decoding=\"async\" loading=\"lazy\" \/><\/a>\n\t\t\t<\/dt><\/dl><br style=\"clear: both\" \/><dl class='gallery-item'>\n\t\t\t<dt class='gallery-icon portrait'>\n\t\t\t\t<a title=\"Nalle Virolainen\" href='http:\/\/www.rockdata.org\/negativecreep\/wp-content\/uploads\/2011\/05\/nalle02.jpg'><img width=\"150\" height=\"150\" src=\"http:\/\/www.rockdata.org\/negativecreep\/wp-content\/uploads\/2011\/05\/nalle02-150x150.jpg\" class=\"attachment-thumbnail size-thumbnail\" alt=\"\" decoding=\"async\" loading=\"lazy\" \/><\/a>\n\t\t\t<\/dt><\/dl><dl class='gallery-item'>\n\t\t\t<dt class='gallery-icon landscape'>\n\t\t\t\t<a title=\"Show me your tits\" href='http:\/\/www.rockdata.org\/negativecreep\/wp-content\/uploads\/2011\/05\/midsummertits.jpg'><img width=\"150\" height=\"150\" src=\"http:\/\/www.rockdata.org\/negativecreep\/wp-content\/uploads\/2011\/05\/midsummertits-150x150.jpg\" class=\"attachment-thumbnail size-thumbnail\" alt=\"\" decoding=\"async\" loading=\"lazy\" \/><\/a>\n\t\t\t<\/dt><\/dl><dl class='gallery-item'>\n\t\t\t<dt class='gallery-icon landscape'>\n\t\t\t\t<a title=\"Plastic people\" href='http:\/\/www.rockdata.org\/negativecreep\/wp-content\/uploads\/2011\/05\/tuopit.jpg'><img width=\"150\" height=\"150\" src=\"http:\/\/www.rockdata.org\/negativecreep\/wp-content\/uploads\/2011\/05\/tuopit-150x150.jpg\" class=\"attachment-thumbnail size-thumbnail\" alt=\"\" decoding=\"async\" loading=\"lazy\" \/><\/a>\n\t\t\t<\/dt><\/dl><dl class='gallery-item'>\n\t\t\t<dt class='gallery-icon landscape'>\n\t\t\t\t<a title=\"Midsummer eve\" href='http:\/\/www.rockdata.org\/negativecreep\/wp-content\/uploads\/2011\/05\/bisseyksin.jpg'><img width=\"150\" height=\"150\" src=\"http:\/\/www.rockdata.org\/negativecreep\/wp-content\/uploads\/2011\/05\/bisseyksin-150x150.jpg\" class=\"attachment-thumbnail size-thumbnail\" alt=\"\" decoding=\"async\" loading=\"lazy\" \/><\/a>\n\t\t\t<\/dt><\/dl><dl class='gallery-item'>\n\t\t\t<dt class='gallery-icon landscape'>\n\t\t\t\t<a title=\"Fun faari\" href='http:\/\/www.rockdata.org\/negativecreep\/wp-content\/uploads\/2011\/05\/trummopo7.jpg'><img width=\"150\" height=\"150\" src=\"http:\/\/www.rockdata.org\/negativecreep\/wp-content\/uploads\/2011\/05\/trummopo7-150x150.jpg\" class=\"attachment-thumbnail size-thumbnail\" alt=\"\" decoding=\"async\" loading=\"lazy\" \/><\/a>\n\t\t\t<\/dt><\/dl><br style=\"clear: both\" \/><dl class='gallery-item'>\n\t\t\t<dt class='gallery-icon portrait'>\n\t\t\t\t<a title=\"Dancing in the dark\" href='http:\/\/www.rockdata.org\/negativecreep\/wp-content\/uploads\/2011\/05\/pahviloota.jpg'><img width=\"150\" height=\"150\" src=\"http:\/\/www.rockdata.org\/negativecreep\/wp-content\/uploads\/2011\/05\/pahviloota-150x150.jpg\" class=\"attachment-thumbnail size-thumbnail\" alt=\"\" decoding=\"async\" loading=\"lazy\" \/><\/a>\n\t\t\t<\/dt><\/dl><dl class='gallery-item'>\n\t\t\t<dt class='gallery-icon landscape'>\n\t\t\t\t<a title=\"Fire!\" href='http:\/\/www.rockdata.org\/negativecreep\/wp-content\/uploads\/2011\/05\/disorder.jpg'><img width=\"150\" height=\"150\" src=\"http:\/\/www.rockdata.org\/negativecreep\/wp-content\/uploads\/2011\/05\/disorder-150x150.jpg\" class=\"attachment-thumbnail size-thumbnail\" alt=\"\" decoding=\"async\" loading=\"lazy\" \/><\/a>\n\t\t\t<\/dt><\/dl><dl class='gallery-item'>\n\t\t\t<dt class='gallery-icon landscape'>\n\t\t\t\t<a title=\"JuiceCats\" href='http:\/\/www.rockdata.org\/negativecreep\/wp-content\/uploads\/2011\/05\/mehukatti.jpg'><img width=\"150\" height=\"150\" src=\"http:\/\/www.rockdata.org\/negativecreep\/wp-content\/uploads\/2011\/05\/mehukatti-150x150.jpg\" class=\"attachment-thumbnail size-thumbnail\" alt=\"\" decoding=\"async\" loading=\"lazy\" \/><\/a>\n\t\t\t<\/dt><\/dl><dl class='gallery-item'>\n\t\t\t<dt class='gallery-icon landscape'>\n\t\t\t\t<a title=\"MiliC.I.A. &amp; Sakari\" href='http:\/\/www.rockdata.org\/negativecreep\/wp-content\/uploads\/2011\/05\/sakari_miliisi.jpg'><img width=\"150\" height=\"150\" src=\"http:\/\/www.rockdata.org\/negativecreep\/wp-content\/uploads\/2011\/05\/sakari_miliisi-150x150.jpg\" class=\"attachment-thumbnail size-thumbnail\" alt=\"\" decoding=\"async\" loading=\"lazy\" \/><\/a>\n\t\t\t<\/dt><\/dl><dl class='gallery-item'>\n\t\t\t<dt class='gallery-icon landscape'>\n\t\t\t\t<a title=\"Do not worry be happy\" href='http:\/\/www.rockdata.org\/negativecreep\/wp-content\/uploads\/2011\/05\/mutatelttaroskilde.jpg'><img width=\"150\" height=\"150\" src=\"http:\/\/www.rockdata.org\/negativecreep\/wp-content\/uploads\/2011\/05\/mutatelttaroskilde-150x150.jpg\" class=\"attachment-thumbnail size-thumbnail\" alt=\"\" decoding=\"async\" loading=\"lazy\" \/><\/a>\n\t\t\t<\/dt><\/dl><br style=\"clear: both\" \/><dl class='gallery-item'>\n\t\t\t<dt class='gallery-icon landscape'>\n\t\t\t\t<a title=\"Name on lights\" href='http:\/\/www.rockdata.org\/negativecreep\/wp-content\/uploads\/2011\/05\/keikkalava.jpg'><img width=\"150\" height=\"150\" src=\"http:\/\/www.rockdata.org\/negativecreep\/wp-content\/uploads\/2011\/05\/keikkalava-150x150.jpg\" class=\"attachment-thumbnail size-thumbnail\" alt=\"\" decoding=\"async\" loading=\"lazy\" \/><\/a>\n\t\t\t<\/dt><\/dl><dl class='gallery-item'>\n\t\t\t<dt class='gallery-icon landscape'>\n\t\t\t\t<a title=\"Happy camper\" href='http:\/\/www.rockdata.org\/negativecreep\/wp-content\/uploads\/2011\/05\/telttaroskilde.jpg'><img width=\"150\" height=\"150\" src=\"http:\/\/www.rockdata.org\/negativecreep\/wp-content\/uploads\/2011\/05\/telttaroskilde-150x150.jpg\" class=\"attachment-thumbnail size-thumbnail\" alt=\"\" decoding=\"async\" loading=\"lazy\" \/><\/a>\n\t\t\t<\/dt><\/dl><dl class='gallery-item'>\n\t\t\t<dt class='gallery-icon landscape'>\n\t\t\t\t<a title=\"The show must go on\" href='http:\/\/www.rockdata.org\/negativecreep\/wp-content\/uploads\/2011\/05\/nummiparkki.jpg'><img width=\"150\" height=\"150\" src=\"http:\/\/www.rockdata.org\/negativecreep\/wp-content\/uploads\/2011\/05\/nummiparkki-150x150.jpg\" class=\"attachment-thumbnail size-thumbnail\" alt=\"\" decoding=\"async\" loading=\"lazy\" \/><\/a>\n\t\t\t<\/dt><\/dl><dl class='gallery-item'>\n\t\t\t<dt class='gallery-icon landscape'>\n\t\t\t\t<a title=\"What&#039;s the Ugliest Part of Your Body?\" href='http:\/\/www.rockdata.org\/negativecreep\/wp-content\/uploads\/2011\/05\/nakunummi.jpg'><img width=\"150\" height=\"150\" src=\"http:\/\/www.rockdata.org\/negativecreep\/wp-content\/uploads\/2011\/05\/nakunummi-150x150.jpg\" class=\"attachment-thumbnail size-thumbnail\" alt=\"\" decoding=\"async\" loading=\"lazy\" \/><\/a>\n\t\t\t<\/dt><\/dl><dl class='gallery-item'>\n\t\t\t<dt class='gallery-icon portrait'>\n\t\t\t\t<a title=\"Do not fear the reaper\" href='http:\/\/www.rockdata.org\/negativecreep\/wp-content\/uploads\/2011\/05\/odotusta.jpg'><img width=\"150\" height=\"150\" src=\"http:\/\/www.rockdata.org\/negativecreep\/wp-content\/uploads\/2011\/05\/odotusta-150x150.jpg\" class=\"attachment-thumbnail size-thumbnail\" alt=\"\" decoding=\"async\" loading=\"lazy\" \/><\/a>\n\t\t\t<\/dt><\/dl><br style=\"clear: both\" \/><dl class='gallery-item'>\n\t\t\t<dt class='gallery-icon landscape'>\n\t\t\t\t<a title=\"Muddy waters\" href='http:\/\/www.rockdata.org\/negativecreep\/wp-content\/uploads\/2011\/05\/mutaruissi01.jpg'><img width=\"150\" height=\"150\" src=\"http:\/\/www.rockdata.org\/negativecreep\/wp-content\/uploads\/2011\/05\/mutaruissi01-150x150.jpg\" class=\"attachment-thumbnail size-thumbnail\" alt=\"\" decoding=\"async\" loading=\"lazy\" \/><\/a>\n\t\t\t<\/dt><\/dl><dl class='gallery-item'>\n\t\t\t<dt class='gallery-icon landscape'>\n\t\t\t\t<a title=\"Kafka\" href='http:\/\/www.rockdata.org\/negativecreep\/wp-content\/uploads\/2011\/05\/kafka1.jpg'><img width=\"150\" height=\"150\" src=\"http:\/\/www.rockdata.org\/negativecreep\/wp-content\/uploads\/2011\/05\/kafka1-150x150.jpg\" class=\"attachment-thumbnail size-thumbnail\" alt=\"\" decoding=\"async\" loading=\"lazy\" \/><\/a>\n\t\t\t<\/dt><\/dl><dl class='gallery-item'>\n\t\t\t<dt class='gallery-icon landscape'>\n\t\t\t\t<a title=\"Hell raisers and beer drinkers\" href='http:\/\/www.rockdata.org\/negativecreep\/wp-content\/uploads\/2011\/05\/keskiolutteltta.jpg'><img width=\"150\" height=\"150\" src=\"http:\/\/www.rockdata.org\/negativecreep\/wp-content\/uploads\/2011\/05\/keskiolutteltta-150x150.jpg\" class=\"attachment-thumbnail size-thumbnail\" alt=\"\" decoding=\"async\" loading=\"lazy\" \/><\/a>\n\t\t\t<\/dt><\/dl><dl class='gallery-item'>\n\t\t\t<dt class='gallery-icon landscape'>\n\t\t\t\t<a title=\"can&#039;t see for miles\" href='http:\/\/www.rockdata.org\/negativecreep\/wp-content\/uploads\/2011\/05\/pro95.jpg'><img width=\"150\" height=\"150\" src=\"http:\/\/www.rockdata.org\/negativecreep\/wp-content\/uploads\/2011\/05\/pro95-150x150.jpg\" class=\"attachment-thumbnail size-thumbnail\" alt=\"\" decoding=\"async\" loading=\"lazy\" \/><\/a>\n\t\t\t<\/dt><\/dl><dl class='gallery-item'>\n\t\t\t<dt class='gallery-icon landscape'>\n\t\t\t\t<a title=\"Teenage wasteland\" href='http:\/\/www.rockdata.org\/negativecreep\/wp-content\/uploads\/2011\/05\/roskaprovinssi01.jpg'><img width=\"150\" height=\"150\" src=\"http:\/\/www.rockdata.org\/negativecreep\/wp-content\/uploads\/2011\/05\/roskaprovinssi01-150x150.jpg\" class=\"attachment-thumbnail size-thumbnail\" alt=\"\" decoding=\"async\" loading=\"lazy\" \/><\/a>\n\t\t\t<\/dt><\/dl><br style=\"clear: both\" \/><dl class='gallery-item'>\n\t\t\t<dt class='gallery-icon landscape'>\n\t\t\t\t<a title=\"Vuonna -85\" href='http:\/\/www.rockdata.org\/negativecreep\/wp-content\/uploads\/2011\/05\/kasiviis01.jpg'><img width=\"150\" height=\"150\" src=\"http:\/\/www.rockdata.org\/negativecreep\/wp-content\/uploads\/2011\/05\/kasiviis01-150x150.jpg\" class=\"attachment-thumbnail size-thumbnail\" alt=\"\" decoding=\"async\" loading=\"lazy\" \/><\/a>\n\t\t\t<\/dt><\/dl><dl class='gallery-item'>\n\t\t\t<dt class='gallery-icon landscape'>\n\t\t\t\t<a title=\"Provinssirock1985_camping_Latvis\" href='http:\/\/www.rockdata.org\/negativecreep\/wp-content\/uploads\/2011\/05\/Provinssirock1985_camping_Latvis.jpg'><img width=\"150\" height=\"150\" src=\"http:\/\/www.rockdata.org\/negativecreep\/wp-content\/uploads\/2011\/05\/Provinssirock1985_camping_Latvis-150x150.jpg\" class=\"attachment-thumbnail size-thumbnail\" alt=\"\" decoding=\"async\" loading=\"lazy\" \/><\/a>\n\t\t\t<\/dt><\/dl><dl class='gallery-item'>\n\t\t\t<dt class='gallery-icon landscape'>\n\t\t\t\t<a title=\"Jaatelokesa1986 Ruisrock\" href='http:\/\/www.rockdata.org\/negativecreep\/wp-content\/uploads\/2011\/05\/Meeri_Jukka_Jaatelokesa1986_v2_Ruisrock_Latvis.jpg'><img width=\"150\" height=\"150\" src=\"http:\/\/www.rockdata.org\/negativecreep\/wp-content\/uploads\/2011\/05\/Meeri_Jukka_Jaatelokesa1986_v2_Ruisrock_Latvis-150x150.jpg\" class=\"attachment-thumbnail size-thumbnail\" alt=\"\" decoding=\"async\" loading=\"lazy\" \/><\/a>\n\t\t\t<\/dt><\/dl><dl class='gallery-item'>\n\t\t\t<dt class='gallery-icon landscape'>\n\t\t\t\t<a title=\"Fanijoukko\" href='http:\/\/www.rockdata.org\/negativecreep\/wp-content\/uploads\/2011\/05\/Fanijoukko_Latvis.jpg'><img width=\"150\" height=\"150\" src=\"http:\/\/www.rockdata.org\/negativecreep\/wp-content\/uploads\/2011\/05\/Fanijoukko_Latvis-150x150.jpg\" class=\"attachment-thumbnail size-thumbnail\" alt=\"\" decoding=\"async\" loading=\"lazy\" \/><\/a>\n\t\t\t<\/dt><\/dl><dl class='gallery-item'>\n\t\t\t<dt class='gallery-icon portrait'>\n\t\t\t\t<a title=\"Fantomassacre!\" href='http:\/\/www.rockdata.org\/negativecreep\/wp-content\/uploads\/2011\/05\/fantom40.jpg'><img width=\"150\" height=\"150\" src=\"http:\/\/www.rockdata.org\/negativecreep\/wp-content\/uploads\/2011\/05\/fantom40-150x150.jpg\" class=\"attachment-thumbnail size-thumbnail\" alt=\"\" decoding=\"async\" loading=\"lazy\" \/><\/a>\n\t\t\t<\/dt><\/dl><br style=\"clear: both\" \/><dl class='gallery-item'>\n\t\t\t<dt class='gallery-icon landscape'>\n\t\t\t\t<a title=\"Reading nightmare\" href='http:\/\/www.rockdata.org\/negativecreep\/wp-content\/uploads\/2011\/05\/reading62.jpg'><img width=\"150\" height=\"150\" src=\"http:\/\/www.rockdata.org\/negativecreep\/wp-content\/uploads\/2011\/05\/reading62-150x150.jpg\" class=\"attachment-thumbnail size-thumbnail\" alt=\"\" decoding=\"async\" loading=\"lazy\" \/><\/a>\n\t\t\t<\/dt><\/dl><dl class='gallery-item'>\n\t\t\t<dt class='gallery-icon landscape'>\n\t\t\t\t<a title=\"Hell on wheels\" href='http:\/\/www.rockdata.org\/negativecreep\/wp-content\/uploads\/2011\/05\/formicators11.jpg'><img width=\"150\" height=\"150\" src=\"http:\/\/www.rockdata.org\/negativecreep\/wp-content\/uploads\/2011\/05\/formicators11-150x150.jpg\" class=\"attachment-thumbnail size-thumbnail\" alt=\"\" decoding=\"async\" loading=\"lazy\" \/><\/a>\n\t\t\t<\/dt><\/dl><dl class='gallery-item'>\n\t\t\t<dt class='gallery-icon landscape'>\n\t\t\t\t<a title=\"Ev\u00e4\u00e4t\" href='http:\/\/www.rockdata.org\/negativecreep\/wp-content\/uploads\/2011\/05\/mahukatti.jpg'><img width=\"150\" height=\"150\" src=\"http:\/\/www.rockdata.org\/negativecreep\/wp-content\/uploads\/2011\/05\/mahukatti-150x150.jpg\" class=\"attachment-thumbnail size-thumbnail\" alt=\"\" decoding=\"async\" loading=\"lazy\" \/><\/a>\n\t\t\t<\/dt><\/dl><dl class='gallery-item'>\n\t\t\t<dt class='gallery-icon landscape'>\n\t\t\t\t<a title=\"Victory\" href='http:\/\/www.rockdata.org\/negativecreep\/wp-content\/uploads\/2011\/05\/lippukatolla3.jpg'><img width=\"150\" height=\"150\" src=\"http:\/\/www.rockdata.org\/negativecreep\/wp-content\/uploads\/2011\/05\/lippukatolla3-150x150.jpg\" class=\"attachment-thumbnail size-thumbnail\" alt=\"\" decoding=\"async\" loading=\"lazy\" \/><\/a>\n\t\t\t<\/dt><\/dl><dl class='gallery-item'>\n\t\t\t<dt class='gallery-icon landscape'>\n\t\t\t\t<a title=\"J\u00e4\u00e4t sulavat pylv\u00e4iden v\u00e4lis\u00e4\" href='http:\/\/www.rockdata.org\/negativecreep\/wp-content\/uploads\/2011\/05\/rospylvaat36.jpg'><img width=\"150\" height=\"150\" src=\"http:\/\/www.rockdata.org\/negativecreep\/wp-content\/uploads\/2011\/05\/rospylvaat36-150x150.jpg\" class=\"attachment-thumbnail size-thumbnail\" alt=\"\" decoding=\"async\" loading=\"lazy\" \/><\/a>\n\t\t\t<\/dt><\/dl><br style=\"clear: both\" \/><dl class='gallery-item'>\n\t\t\t<dt class='gallery-icon landscape'>\n\t\t\t\t<a title=\"Periksi ei anneta\" href='http:\/\/www.rockdata.org\/negativecreep\/wp-content\/uploads\/2011\/05\/sadelippu.jpg'><img width=\"150\" height=\"150\" src=\"http:\/\/www.rockdata.org\/negativecreep\/wp-content\/uploads\/2011\/05\/sadelippu-150x150.jpg\" class=\"attachment-thumbnail size-thumbnail\" alt=\"\" decoding=\"async\" loading=\"lazy\" \/><\/a>\n\t\t\t<\/dt><\/dl><dl class='gallery-item'>\n\t\t\t<dt class='gallery-icon landscape'>\n\t\t\t\t<a title=\"Hetken helpotus\" href='http:\/\/www.rockdata.org\/negativecreep\/wp-content\/uploads\/2011\/05\/dick7.jpg'><img width=\"150\" height=\"150\" src=\"http:\/\/www.rockdata.org\/negativecreep\/wp-content\/uploads\/2011\/05\/dick7-150x150.jpg\" class=\"attachment-thumbnail size-thumbnail\" alt=\"\" decoding=\"async\" loading=\"lazy\" \/><\/a>\n\t\t\t<\/dt><\/dl><dl class='gallery-item'>\n\t\t\t<dt class='gallery-icon landscape'>\n\t\t\t\t<a title=\"Party&#039;s over\" href='http:\/\/www.rockdata.org\/negativecreep\/wp-content\/uploads\/2011\/05\/kuokitaan.jpg'><img width=\"150\" height=\"150\" src=\"http:\/\/www.rockdata.org\/negativecreep\/wp-content\/uploads\/2011\/05\/kuokitaan-150x150.jpg\" class=\"attachment-thumbnail size-thumbnail\" alt=\"\" decoding=\"async\" loading=\"lazy\" \/><\/a>\n\t\t\t<\/dt><\/dl>\n\t\t\t<br style='clear: both' \/>\n\t\t<\/div>\n\n","protected":false},"excerpt":{"rendered":"","protected":false},"author":1,"featured_media":0,"parent":0,"menu_order":0,"comment_status":"open","ping_status":"open","template":"","meta":[],"_links":{"self":[{"href":"http:\/\/www.rockdata.org\/negativecreep\/wp-json\/wp\/v2\/pages\/862"}],"collection":[{"href":"http:\/\/www.rockdata.org\/negativecreep\/wp-json\/wp\/v2\/pages"}],"about":[{"href":"http:\/\/www.rockdata.org\/negativecreep\/wp-json\/wp\/v2\/types\/page"}],"author":[{"embeddable":true,"href":"http:\/\/www.rockdata.org\/negativecreep\/wp-json\/wp\/v2\/users\/1"}],"replies":[{"embeddable":true,"href":"http:\/\/www.rockdata.org\/negativecreep\/wp-json\/wp\/v2\/comments?post=862"}],"version-history":[{"count":10,"href":"http:\/\/www.rockdata.org\/negativecreep\/wp-json\/wp\/v2\/pages\/862\/revisions"}],"predecessor-version":[{"id":2811,"href":"http:\/\/www.rockdata.org\/negativecreep\/wp-json\/wp\/v2\/pages\/862\/revisions\/2811"}],"wp:attachment":[{"href":"http:\/\/www.rockdata.org\/negativecreep\/wp-json\/wp\/v2\/media?parent=862"}],"curies":[{"name":"wp","href":"https:\/\/api.w.org\/{rel}","templated":true}]}}